{"id":30,"date":"2018-04-23T22:12:16","date_gmt":"2018-04-23T19:12:16","guid":{"rendered":"https:\/\/kaukoputkimies.fi\/?page_id=30"},"modified":"2026-02-20T10:04:10","modified_gmt":"2026-02-20T07:04:10","slug":"kaukoputket","status":"publish","type":"page","link":"https:\/\/kaukoputkimies.fi\/index.php\/kaukoputket\/","title":{"rendered":"Kaukoputket"},"content":{"rendered":"\n<h3 class=\"wp-block-heading\"><strong>Tietokoneohjattu kaukoputki t\u00e4htitaivaan kuvaamiseen<\/strong><\/h3>\n\n\n<p><strong>Kaukoputki 1<\/strong>: Celestron EdgeHD 8&#8243; f\/10 (polttovali 2032mm, peilin halkaisija 203mm)<br \/><strong>Polttov\u00e4linlyhent\u00e4j\u00e4<\/strong>: Celestron 0.7x EdgeHD:lle (f\/7, polttov\u00e4li 1422mm)<br \/><strong>Moottoritarkennus<\/strong>: Celestron Focus Motor<\/p>\n<p><strong>Kaukoputki 2<\/strong>: Sky-Watcher 80ED Pro-series (f\/7.5, polttov\u00e4li 600mm, linssin halkaisija 80mm)<br \/><strong>Polttov\u00e4linlyhent\u00e4j\u00e4\/tasoittaja: <\/strong>Sky-Watcher 0.85x lyhent\u00e4j\u00e4\/tasoittaja (f\/6.375, polttov\u00e4li 510mm)<br \/><strong>Moottoritarkennus<\/strong>: ZWO EAF<\/p>\n<p><strong>Seurantajalusta<\/strong>: iOptron CEM60 (9.5kg vastapaino)<br \/><strong>Ohjausputki<\/strong>: Orion ShortTube 80mm (f\/5, polttov\u00e4li 400mm)<br \/><strong>Kuvauskamera<\/strong>: ZWO ASI2600MC Pro<br \/><strong>Ohjauskamera<\/strong>: ZWO ASI462MM<br \/><strong>Taivaskamera<\/strong>: ZWO ASI224MC + 2.1mm kalansilm\u00e4objektiivi<br \/><strong>Rotaattori:<\/strong> ZWO CAA<br \/><strong>S\u00e4hk\u00f6njako, USB3\/USB2 hub ja l\u00e4mmityspantakontrolleri:<\/strong> PegasusAstro Pocket Powerbox Advance Gen1<br \/><strong>Kuvaustietokone<\/strong>: Lenovo ThinkCentre M700 DM i3-6100T, 8GB RAM ja 128GB SSD (Windows 11 Pro)<\/p>\n\n\n<h3 class=\"wp-block-heading\"><strong>Ohjelmistot<\/strong><\/h3>\n\n\n\n<p><strong>Kuvaus<\/strong>: N.I.N.A. &#8211; Nighttime Imaging &#8217;N&#8217; Astronomy&nbsp;<a href=\"https:\/\/nighttime-imaging.eu\/\" data-type=\"link\" data-id=\"https:\/\/nighttime-imaging.eu\/\">https:\/\/nighttime-imaging.eu\/<\/a><\/p>\n\n\n\n<p><strong>Ohjauskamera <\/strong>: Open PHD2 <a href=\"https:\/\/openphdguiding.org\/\" data-type=\"link\" data-id=\"https:\/\/openphdguiding.org\/\">https:\/\/openphdguiding.org\/<\/a><\/p>\n\n\n\n<p><strong>T\u00e4htikartasto<\/strong>: Cartes du Ciel <a href=\"https:\/\/www.ap-i.net\/skychart\/en\/start\" data-type=\"link\" data-id=\"https:\/\/www.ap-i.net\/skychart\/en\/start\">https:\/\/www.ap-i.net\/skychart\/en\/start<\/a><\/p>\n\n\n\n<p><strong>Taivaskamera<\/strong>: AllSkEye <a href=\"https:\/\/allskeye.com\/\">https:\/\/allskeye.com\/<\/a><\/p>\n\n\n\n<p><strong>T\u00e4htikuvakent\u00e4nratkaisija<\/strong>: ASTAP <a href=\"https:\/\/www.hnsky.org\/astap.htm\">https:\/\/www.hnsky.org\/astap.htm<\/a><\/p>\n\n\n\n<p><strong>Kuvien kalibrointi, pinoaminen ja k\u00e4sittely<\/strong>: PixInsight <a href=\"https:\/\/pixinsight.com\/\">https:\/\/pixinsight.com\/<\/a><\/p>\n\n\n\n<figure class=\"wp-block-image size-large\"><img loading=\"lazy\" decoding=\"async\" width=\"756\" height=\"1008\" src=\"https:\/\/kaukoputkimies.fi\/wp-content\/uploads\/2021\/01\/kaukoputkikalusto2020c.jpg\" alt=\"\" class=\"wp-image-659\" srcset=\"https:\/\/kaukoputkimies.fi\/wp-content\/uploads\/2021\/01\/kaukoputkikalusto2020c.jpg 756w, https:\/\/kaukoputkimies.fi\/wp-content\/uploads\/2021\/01\/kaukoputkikalusto2020c-225x300.jpg 225w, https:\/\/kaukoputkimies.fi\/wp-content\/uploads\/2021\/01\/kaukoputkikalusto2020c-375x500.jpg 375w\" sizes=\"auto, (max-width: 756px) 100vw, 756px\" \/><\/figure>\n\n\n\n<figure class=\"wp-block-image size-large\"><img loading=\"lazy\" decoding=\"async\" width=\"768\" height=\"1024\" src=\"https:\/\/kaukoputkimies.fi\/wp-content\/uploads\/2022\/08\/kalusto_syksy2022-768x1024.jpg\" alt=\"\" class=\"wp-image-793\" srcset=\"https:\/\/kaukoputkimies.fi\/wp-content\/uploads\/2022\/08\/kalusto_syksy2022-768x1024.jpg 768w, https:\/\/kaukoputkimies.fi\/wp-content\/uploads\/2022\/08\/kalusto_syksy2022-225x300.jpg 225w, https:\/\/kaukoputkimies.fi\/wp-content\/uploads\/2022\/08\/kalusto_syksy2022-1152x1536.jpg 1152w, https:\/\/kaukoputkimies.fi\/wp-content\/uploads\/2022\/08\/kalusto_syksy2022-375x500.jpg 375w, https:\/\/kaukoputkimies.fi\/wp-content\/uploads\/2022\/08\/kalusto_syksy2022.jpg 1536w\" sizes=\"auto, (max-width: 768px) 100vw, 768px\" \/><\/figure>\n\n\n\n<p><strong>J\u00e4ttikaukoputki t\u00e4htitaivaan visuaaliseen tarkkailuun<\/strong><\/p>\n\n\n\n<p>Kaukoputki: 10&#8243; GSO Dobson f\/5 (polttov\u00e4li 1250mm, peilin halkaisija 250mm)<br>Okulaarit: 25mm Super Pl\u00f6ss, 32mm Wide Field, 7mm Burgess planeetta okulaari, Baader Hyperion 8-24mm Clickstop-Zoom<br>Barlowit: 2x ja 3x<\/p>\n\n\n\n<figure class=\"wp-block-image size-large\"><img loading=\"lazy\" decoding=\"async\" width=\"765\" height=\"1024\" src=\"https:\/\/kaukoputkimies.fi\/wp-content\/uploads\/2018\/04\/Dobson_25-8-2017-765x1024.jpg\" alt=\"\" class=\"wp-image-43\" srcset=\"https:\/\/kaukoputkimies.fi\/wp-content\/uploads\/2018\/04\/Dobson_25-8-2017-765x1024.jpg 765w, https:\/\/kaukoputkimies.fi\/wp-content\/uploads\/2018\/04\/Dobson_25-8-2017-224x300.jpg 224w, https:\/\/kaukoputkimies.fi\/wp-content\/uploads\/2018\/04\/Dobson_25-8-2017-768x1029.jpg 768w, https:\/\/kaukoputkimies.fi\/wp-content\/uploads\/2018\/04\/Dobson_25-8-2017-373x500.jpg 373w, https:\/\/kaukoputkimies.fi\/wp-content\/uploads\/2018\/04\/Dobson_25-8-2017.jpg 1529w\" sizes=\"auto, (max-width: 765px) 100vw, 765px\" \/><\/figure>\n\n\n\n<p><\/p>\n","protected":false},"excerpt":{"rendered":"<p>Tietokoneohjattu kaukoputki t\u00e4htitaivaan kuvaamiseen Kaukoputki 1: Celestron EdgeHD 8&#8243; f\/10 (polttovali 2032mm, peilin halkaisija 203mm)Polttov\u00e4linlyhent\u00e4j\u00e4: Celestron 0.7x EdgeHD:lle (f\/7, polttov\u00e4li 1422mm)Moottoritarkennus: Celestron Focus Motor Kaukoputki 2: Sky-Watcher 80ED Pro-series (f\/7.5, <a href=\"https:\/\/kaukoputkimies.fi\/index.php\/kaukoputket\/\" class=\"more-link\">[&hellip;]<\/a><\/p>\n","protected":false},"author":1,"featured_media":0,"parent":0,"menu_order":0,"comment_status":"closed","ping_status":"closed","template":"","meta":{"Layout":"","footnotes":""},"class_list":["entry","author-terohiekkalinna_i9qnv32i","post-30","page","type-page","status-publish"],"_links":{"self":[{"href":"https:\/\/kaukoputkimies.fi\/index.php\/wp-json\/wp\/v2\/pages\/30","targetHints":{"allow":["GET"]}}],"collection":[{"href":"https:\/\/kaukoputkimies.fi\/index.php\/wp-json\/wp\/v2\/pages"}],"about":[{"href":"https:\/\/kaukoputkimies.fi\/index.php\/wp-json\/wp\/v2\/types\/page"}],"author":[{"embeddable":true,"href":"https:\/\/kaukoputkimies.fi\/index.php\/wp-json\/wp\/v2\/users\/1"}],"replies":[{"embeddable":true,"href":"https:\/\/kaukoputkimies.fi\/index.php\/wp-json\/wp\/v2\/comments?post=30"}],"version-history":[{"count":59,"href":"https:\/\/kaukoputkimies.fi\/index.php\/wp-json\/wp\/v2\/pages\/30\/revisions"}],"predecessor-version":[{"id":1251,"href":"https:\/\/kaukoputkimies.fi\/index.php\/wp-json\/wp\/v2\/pages\/30\/revisions\/1251"}],"wp:attachment":[{"href":"https:\/\/kaukoputkimies.fi\/index.php\/wp-json\/wp\/v2\/media?parent=30"}],"curies":[{"name":"wp","href":"https:\/\/api.w.org\/{rel}","templated":true}]}}